{"id":129,"date":"2020-07-31T08:20:25","date_gmt":"2020-07-31T08:20:25","guid":{"rendered":"http:\/\/pcm-thueringen.de\/?page_id=129"},"modified":"2025-12-23T12:48:46","modified_gmt":"2025-12-23T12:48:46","slug":"container-und-entruempelungsdienst","status":"publish","type":"page","link":"https:\/\/pcm-thueringen.de\/?page_id=129","title":{"rendered":"Container- und Entr\u00fcmpelungsdienst"},"content":{"rendered":"\t\t<div data-elementor-type=\"wp-page\" data-elementor-id=\"129\" class=\"elementor elementor-129\">\n\t\t\t\t<div class=\"elementor-element elementor-element-eca3519 e-flex e-con-boxed e-con e-parent\" data-id=\"eca3519\" data-element_type=\"container\" data-e-type=\"container\">\n\t\t\t\t\t<div class=\"e-con-inner\">\n\t\t\t\t<div class=\"elementor-element elementor-element-57e8c1f elementor-widget elementor-widget-text-editor\" data-id=\"57e8c1f\" data-element_type=\"widget\" data-e-type=\"widget\" data-widget_type=\"text-editor.default\">\n\t\t\t\t\t\t\t\t\t<p><span style=\"text-decoration: underline;\"><strong>Gerne unterst\u00fctze wir Sie bei der Entsorgung folgender Stoffe:<\/strong><\/span><\/p><ul class=\"wp-block-list\"><li>Holz aller Klassen<\/li><li>Bauschutt<\/li><li>Baumischabfall<\/li><li>Papier u. Pappe<\/li><li>Folie<\/li><li>Sperrm\u00fcll<\/li><li>Altmetalle<\/li><li>kompostierbare Abf\u00e4lle<\/li><li>Gipshaltige Abf\u00e4lle<\/li><li>Altglas<\/li><li>Sonderabfall gem\u00e4\u00df Fachkunde \u00a79 Abs.3 EfbV und \u00a75 Abs.1 AbfAEV<\/li><\/ul><figure class=\"wp-block-gallery has-nested-images columns-default is-cropped wp-block-gallery-1 is-layout-flex wp-block-gallery-is-layout-flex\"><figure class=\"wp-block-image size-large\"><\/figure><\/figure>\t\t\t\t\t\t\t\t<\/div>\n\t\t\t\t\t<\/div>\n\t\t\t\t<\/div>\n\t\t<div class=\"elementor-element elementor-element-1869f0d e-flex e-con-boxed e-con e-parent\" data-id=\"1869f0d\" data-element_type=\"container\" data-e-type=\"container\">\n\t\t\t\t\t<div class=\"e-con-inner\">\n\t\t\t\t<div class=\"elementor-element elementor-element-eaa4326 gallery-spacing-custom elementor-widget elementor-widget-image-gallery\" data-id=\"eaa4326\" data-element_type=\"widget\" data-e-type=\"widget\" data-widget_type=\"image-gallery.default\">\n\t\t\t\t\t\t\t<div class=\"elementor-image-gallery\">\n\t\t\t\n\t\t<style type=\"text\/css\">\n\t\t\t#gallery-1 {\n\t\t\t\tmargin: auto;\n\t\t\t}\n\t\t\t#gallery-1 .gallery-item {\n\t\t\t\tfloat: left;\n\t\t\t\tmargin-top: 10px;\n\t\t\t\ttext-align: center;\n\t\t\t\twidth: 25%;\n\t\t\t}\n\t\t\t#gallery-1 img {\n\t\t\t\tborder: 2px solid #cfcfcf;\n\t\t\t}\n\t\t\t#gallery-1 .gallery-caption {\n\t\t\t\tmargin-left: 0;\n\t\t\t}\n\t\t\t\/* see gallery_shortcode() in wp-includes\/media.php *\/\n\t\t<\/style>\n\t\t<div id='gallery-1' class='gallery galleryid-129 gallery-columns-4 gallery-size-medium_large'><dl class='gallery-item'>\n\t\t\t<dt class='gallery-icon portrait'>\n\t\t\t\t<img fetchpriority=\"high\" decoding=\"async\" width=\"640\" height=\"1423\" src=\"https:\/\/pcm-thueringen.de\/wp-content\/uploads\/2025\/12\/1000085954_b88d8e3b25755a4170582d3a59a752ac-3.6.2025-20_40_37-768x1707.jpg\" class=\"attachment-medium_large size-medium_large\" alt=\"\" srcset=\"https:\/\/pcm-thueringen.de\/wp-content\/uploads\/2025\/12\/1000085954_b88d8e3b25755a4170582d3a59a752ac-3.6.2025-20_40_37-768x1707.jpg 768w, https:\/\/pcm-thueringen.de\/wp-content\/uploads\/2025\/12\/1000085954_b88d8e3b25755a4170582d3a59a752ac-3.6.2025-20_40_37-135x300.jpg 135w, https:\/\/pcm-thueringen.de\/wp-content\/uploads\/2025\/12\/1000085954_b88d8e3b25755a4170582d3a59a752ac-3.6.2025-20_40_37-461x1024.jpg 461w, https:\/\/pcm-thueringen.de\/wp-content\/uploads\/2025\/12\/1000085954_b88d8e3b25755a4170582d3a59a752ac-3.6.2025-20_40_37-691x1536.jpg 691w, https:\/\/pcm-thueringen.de\/wp-content\/uploads\/2025\/12\/1000085954_b88d8e3b25755a4170582d3a59a752ac-3.6.2025-20_40_37-922x2048.jpg 922w, https:\/\/pcm-thueringen.de\/wp-content\/uploads\/2025\/12\/1000085954_b88d8e3b25755a4170582d3a59a752ac-3.6.2025-20_40_37-scaled.jpg 1152w\" sizes=\"(max-width: 640px) 100vw, 640px\" \/>\n\t\t\t<\/dt><\/dl><dl class='gallery-item'>\n\t\t\t<dt class='gallery-icon portrait'>\n\t\t\t\t<img decoding=\"async\" width=\"640\" height=\"1423\" src=\"https:\/\/pcm-thueringen.de\/wp-content\/uploads\/2025\/12\/1000087232_62cdf3c9f1908ef06589ac27c20df837-3.6.2025-20_39_45-768x1707.jpg\" class=\"attachment-medium_large size-medium_large\" alt=\"\" srcset=\"https:\/\/pcm-thueringen.de\/wp-content\/uploads\/2025\/12\/1000087232_62cdf3c9f1908ef06589ac27c20df837-3.6.2025-20_39_45-768x1707.jpg 768w, https:\/\/pcm-thueringen.de\/wp-content\/uploads\/2025\/12\/1000087232_62cdf3c9f1908ef06589ac27c20df837-3.6.2025-20_39_45-135x300.jpg 135w, https:\/\/pcm-thueringen.de\/wp-content\/uploads\/2025\/12\/1000087232_62cdf3c9f1908ef06589ac27c20df837-3.6.2025-20_39_45-461x1024.jpg 461w, https:\/\/pcm-thueringen.de\/wp-content\/uploads\/2025\/12\/1000087232_62cdf3c9f1908ef06589ac27c20df837-3.6.2025-20_39_45-691x1536.jpg 691w, https:\/\/pcm-thueringen.de\/wp-content\/uploads\/2025\/12\/1000087232_62cdf3c9f1908ef06589ac27c20df837-3.6.2025-20_39_45-922x2048.jpg 922w, https:\/\/pcm-thueringen.de\/wp-content\/uploads\/2025\/12\/1000087232_62cdf3c9f1908ef06589ac27c20df837-3.6.2025-20_39_45-scaled.jpg 1152w\" sizes=\"(max-width: 640px) 100vw, 640px\" \/>\n\t\t\t<\/dt><\/dl><dl class='gallery-item'>\n\t\t\t<dt class='gallery-icon portrait'>\n\t\t\t\t<img decoding=\"async\" width=\"640\" height=\"1422\" src=\"https:\/\/pcm-thueringen.de\/wp-content\/uploads\/2025\/12\/WhatsApp-Image-2025-09-26-at-17.14.34.jpeg\" class=\"attachment-medium_large size-medium_large\" alt=\"\" srcset=\"https:\/\/pcm-thueringen.de\/wp-content\/uploads\/2025\/12\/WhatsApp-Image-2025-09-26-at-17.14.34.jpeg 720w, https:\/\/pcm-thueringen.de\/wp-content\/uploads\/2025\/12\/WhatsApp-Image-2025-09-26-at-17.14.34-135x300.jpeg 135w, https:\/\/pcm-thueringen.de\/wp-content\/uploads\/2025\/12\/WhatsApp-Image-2025-09-26-at-17.14.34-461x1024.jpeg 461w, https:\/\/pcm-thueringen.de\/wp-content\/uploads\/2025\/12\/WhatsApp-Image-2025-09-26-at-17.14.34-691x1536.jpeg 691w\" sizes=\"(max-width: 640px) 100vw, 640px\" \/>\n\t\t\t<\/dt><\/dl>\n\t\t\t<br style='clear: both' \/>\n\t\t<\/div>\n\t\t<\/div>\n\t\t\t\t\t\t<\/div>\n\t\t\t\t\t<\/div>\n\t\t\t\t<\/div>\n\t\t<div class=\"elementor-element elementor-element-88da5db e-grid e-con-boxed e-con e-parent\" data-id=\"88da5db\" data-element_type=\"container\" data-e-type=\"container\">\n\t\t\t\t\t<div class=\"e-con-inner\">\n\t\t\t\t<div class=\"elementor-element elementor-element-f5ee242 elementor-widget elementor-widget-image\" data-id=\"f5ee242\" data-element_type=\"widget\" data-e-type=\"widget\" data-widget_type=\"image.default\">\n\t\t\t\t\t\t\t\t\t\t\t\t\t\t\t<img loading=\"lazy\" decoding=\"async\" width=\"640\" height=\"480\" src=\"https:\/\/pcm-thueringen.de\/wp-content\/uploads\/2025\/12\/WhatsApp-Image-2025-09-12-at-11.53.58-1024x768.jpeg\" class=\"attachment-large size-large wp-image-323\" alt=\"\" srcset=\"https:\/\/pcm-thueringen.de\/wp-content\/uploads\/2025\/12\/WhatsApp-Image-2025-09-12-at-11.53.58-1024x768.jpeg 1024w, https:\/\/pcm-thueringen.de\/wp-content\/uploads\/2025\/12\/WhatsApp-Image-2025-09-12-at-11.53.58-300x225.jpeg 300w, https:\/\/pcm-thueringen.de\/wp-content\/uploads\/2025\/12\/WhatsApp-Image-2025-09-12-at-11.53.58-768x576.jpeg 768w, https:\/\/pcm-thueringen.de\/wp-content\/uploads\/2025\/12\/WhatsApp-Image-2025-09-12-at-11.53.58-1536x1152.jpeg 1536w, https:\/\/pcm-thueringen.de\/wp-content\/uploads\/2025\/12\/WhatsApp-Image-2025-09-12-at-11.53.58-e1764922989130.jpeg 2032w\" sizes=\"(max-width: 640px) 100vw, 640px\" \/>\t\t\t\t\t\t\t\t\t\t\t\t\t\t\t<\/div>\n\t\t\t\t<div class=\"elementor-element elementor-element-01f4047 elementor-widget elementor-widget-image\" data-id=\"01f4047\" data-element_type=\"widget\" data-e-type=\"widget\" data-widget_type=\"image.default\">\n\t\t\t\t\t\t\t\t\t\t\t\t\t\t\t<img loading=\"lazy\" decoding=\"async\" width=\"640\" height=\"176\" src=\"https:\/\/pcm-thueringen.de\/wp-content\/uploads\/2025\/12\/1000081496_d4efc750859c43e1626d8353ff60b1d4-23.3.2025-16_36_11-1024x281.jpg\" class=\"attachment-large size-large wp-image-320\" alt=\"\" srcset=\"https:\/\/pcm-thueringen.de\/wp-content\/uploads\/2025\/12\/1000081496_d4efc750859c43e1626d8353ff60b1d4-23.3.2025-16_36_11-1024x281.jpg 1024w, https:\/\/pcm-thueringen.de\/wp-content\/uploads\/2025\/12\/1000081496_d4efc750859c43e1626d8353ff60b1d4-23.3.2025-16_36_11-300x82.jpg 300w, https:\/\/pcm-thueringen.de\/wp-content\/uploads\/2025\/12\/1000081496_d4efc750859c43e1626d8353ff60b1d4-23.3.2025-16_36_11-768x210.jpg 768w, https:\/\/pcm-thueringen.de\/wp-content\/uploads\/2025\/12\/1000081496_d4efc750859c43e1626d8353ff60b1d4-23.3.2025-16_36_11.jpg 1080w\" sizes=\"(max-width: 640px) 100vw, 640px\" \/>\t\t\t\t\t\t\t\t\t\t\t\t\t\t\t<\/div>\n\t\t\t\t\t<\/div>\n\t\t\t\t<\/div>\n\t\t<div class=\"elementor-element elementor-element-db47e9d e-grid e-con-boxed e-con e-parent\" data-id=\"db47e9d\" data-element_type=\"container\" data-e-type=\"container\">\n\t\t\t\t\t<div class=\"e-con-inner\">\n\t\t\t\t\t<\/div>\n\t\t\t\t<\/div>\n\t\t\t\t<\/div>\n\t\t","protected":false},"excerpt":{"rendered":"<p>Gerne unterst\u00fctze wir Sie bei der Entsorgung folgender Stoffe: Holz aller Klassen Bauschutt Baumischabfall Papier u. Pappe Folie Sperrm\u00fcll Altmetalle kompostierbare Abf\u00e4lle Gipshaltige Abf\u00e4lle Altglas Sonderabfall gem\u00e4\u00df Fachkunde \u00a79 Abs.3 EfbV und \u00a75 Abs.1 AbfAEV<\/p>\n","protected":false},"author":1,"featured_media":0,"parent":0,"menu_order":0,"comment_status":"closed","ping_status":"closed","template":"","meta":{"footnotes":""},"class_list":["post-129","page","type-page","status-publish","hentry"],"_links":{"self":[{"href":"https:\/\/pcm-thueringen.de\/index.php?rest_route=\/wp\/v2\/pages\/129","targetHints":{"allow":["GET"]}}],"collection":[{"href":"https:\/\/pcm-thueringen.de\/index.php?rest_route=\/wp\/v2\/pages"}],"about":[{"href":"https:\/\/pcm-thueringen.de\/index.php?rest_route=\/wp\/v2\/types\/page"}],"author":[{"embeddable":true,"href":"https:\/\/pcm-thueringen.de\/index.php?rest_route=\/wp\/v2\/users\/1"}],"replies":[{"embeddable":true,"href":"https:\/\/pcm-thueringen.de\/index.php?rest_route=%2Fwp%2Fv2%2Fcomments&post=129"}],"version-history":[{"count":70,"href":"https:\/\/pcm-thueringen.de\/index.php?rest_route=\/wp\/v2\/pages\/129\/revisions"}],"predecessor-version":[{"id":428,"href":"https:\/\/pcm-thueringen.de\/index.php?rest_route=\/wp\/v2\/pages\/129\/revisions\/428"}],"wp:attachment":[{"href":"https:\/\/pcm-thueringen.de\/index.php?rest_route=%2Fwp%2Fv2%2Fmedia&parent=129"}],"curies":[{"name":"wp","href":"https:\/\/api.w.org\/{rel}","templated":true}]}}