{"id":42,"date":"2019-05-12T16:23:27","date_gmt":"2019-05-12T16:23:27","guid":{"rendered":"http:\/\/pcm-thueringen.de\/?page_id=42"},"modified":"2025-12-23T12:36:48","modified_gmt":"2025-12-23T12:36:48","slug":"baumfaellarbeiten","status":"publish","type":"page","link":"https:\/\/pcm-thueringen.de\/?page_id=42","title":{"rendered":"Gr\u00fcnpflege und Baumf\u00e4llarbeiten"},"content":{"rendered":"\t\t<div data-elementor-type=\"wp-page\" data-elementor-id=\"42\" class=\"elementor elementor-42\">\n\t\t\t\t<div class=\"elementor-element elementor-element-16cee7b e-flex e-con-boxed e-con e-parent\" data-id=\"16cee7b\" data-element_type=\"container\" data-e-type=\"container\">\n\t\t\t\t\t<div class=\"e-con-inner\">\n\t\t\t\t<div class=\"elementor-element elementor-element-ee4a383 elementor-widget elementor-widget-text-editor\" data-id=\"ee4a383\" data-element_type=\"widget\" data-e-type=\"widget\" data-widget_type=\"text-editor.default\">\n\t\t\t\t\t\t\t\t\t<p>\u00a0<\/p>\n<p>Egal ob Buche oder Tanne, Nadel-, Weich- oder Hartholz ich f\u00e4lle jeden Baum f\u00fcr Sie. Gerne stehe wir Ihnen auch beratend, bez\u00fcglich der notwendigen Genehmigungen, zur Seite. Wir arbeiten nach KWF Standard.<\/p>\n<p><!-- \/wp:paragraph --><!-- wp:paragraph --><\/p>\n<p>Auch Astwerk-Ausschneidung, Heckenschnitte, Baumzuschnitte oder Wurzelentfernungen erledigen wir gerne f\u00fcr Sie.<\/p>\t\t\t\t\t\t\t\t<\/div>\n\t\t\t\t\t<\/div>\n\t\t\t\t<\/div>\n\t\t<div class=\"elementor-element elementor-element-977a6be e-flex e-con-boxed e-con e-parent\" data-id=\"977a6be\" data-element_type=\"container\" data-e-type=\"container\">\n\t\t\t\t\t<div class=\"e-con-inner\">\n\t\t\t\t<div class=\"elementor-element elementor-element-8fae8c7 elementor-widget elementor-widget-image-gallery\" data-id=\"8fae8c7\" data-element_type=\"widget\" data-e-type=\"widget\" data-widget_type=\"image-gallery.default\">\n\t\t\t\t\t\t\t<div class=\"elementor-image-gallery\">\n\t\t\t\n\t\t<style type=\"text\/css\">\n\t\t\t#gallery-1 {\n\t\t\t\tmargin: auto;\n\t\t\t}\n\t\t\t#gallery-1 .gallery-item {\n\t\t\t\tfloat: left;\n\t\t\t\tmargin-top: 10px;\n\t\t\t\ttext-align: center;\n\t\t\t\twidth: 25%;\n\t\t\t}\n\t\t\t#gallery-1 img {\n\t\t\t\tborder: 2px solid #cfcfcf;\n\t\t\t}\n\t\t\t#gallery-1 .gallery-caption {\n\t\t\t\tmargin-left: 0;\n\t\t\t}\n\t\t\t\/* see gallery_shortcode() in wp-includes\/media.php *\/\n\t\t<\/style>\n\t\t<div id='gallery-1' class='gallery galleryid-42 gallery-columns-4 gallery-size-medium_large'><dl class='gallery-item'>\n\t\t\t<dt class='gallery-icon portrait'>\n\t\t\t\t<img fetchpriority=\"high\" decoding=\"async\" width=\"640\" height=\"853\" src=\"https:\/\/pcm-thueringen.de\/wp-content\/uploads\/2019\/05\/20190103_113128-768x1024.jpg\" class=\"attachment-medium_large size-medium_large\" alt=\"\" srcset=\"https:\/\/pcm-thueringen.de\/wp-content\/uploads\/2019\/05\/20190103_113128-768x1024.jpg 768w, https:\/\/pcm-thueringen.de\/wp-content\/uploads\/2019\/05\/20190103_113128-225x300.jpg 225w, https:\/\/pcm-thueringen.de\/wp-content\/uploads\/2019\/05\/20190103_113128-600x800.jpg 600w\" sizes=\"(max-width: 640px) 100vw, 640px\" \/>\n\t\t\t<\/dt><\/dl><dl class='gallery-item'>\n\t\t\t<dt class='gallery-icon portrait'>\n\t\t\t\t<img decoding=\"async\" width=\"640\" height=\"853\" src=\"https:\/\/pcm-thueringen.de\/wp-content\/uploads\/2019\/05\/20190103_090903-768x1024.jpg\" class=\"attachment-medium_large size-medium_large\" alt=\"\" srcset=\"https:\/\/pcm-thueringen.de\/wp-content\/uploads\/2019\/05\/20190103_090903-768x1024.jpg 768w, https:\/\/pcm-thueringen.de\/wp-content\/uploads\/2019\/05\/20190103_090903-225x300.jpg 225w, https:\/\/pcm-thueringen.de\/wp-content\/uploads\/2019\/05\/20190103_090903-600x800.jpg 600w\" sizes=\"(max-width: 640px) 100vw, 640px\" \/>\n\t\t\t<\/dt><\/dl><dl class='gallery-item'>\n\t\t\t<dt class='gallery-icon portrait'>\n\t\t\t\t<img decoding=\"async\" width=\"640\" height=\"853\" src=\"https:\/\/pcm-thueringen.de\/wp-content\/uploads\/2019\/05\/20190227_160306-768x1024.jpg\" class=\"attachment-medium_large size-medium_large\" alt=\"\" srcset=\"https:\/\/pcm-thueringen.de\/wp-content\/uploads\/2019\/05\/20190227_160306-768x1024.jpg 768w, https:\/\/pcm-thueringen.de\/wp-content\/uploads\/2019\/05\/20190227_160306-225x300.jpg 225w, https:\/\/pcm-thueringen.de\/wp-content\/uploads\/2019\/05\/20190227_160306-600x800.jpg 600w\" sizes=\"(max-width: 640px) 100vw, 640px\" \/>\n\t\t\t<\/dt><\/dl><dl class='gallery-item'>\n\t\t\t<dt class='gallery-icon portrait'>\n\t\t\t\t<img loading=\"lazy\" decoding=\"async\" width=\"640\" height=\"853\" src=\"https:\/\/pcm-thueringen.de\/wp-content\/uploads\/2019\/05\/IMG-20190227-WA0019-768x1024.jpg\" class=\"attachment-medium_large size-medium_large\" alt=\"\" srcset=\"https:\/\/pcm-thueringen.de\/wp-content\/uploads\/2019\/05\/IMG-20190227-WA0019-768x1024.jpg 768w, https:\/\/pcm-thueringen.de\/wp-content\/uploads\/2019\/05\/IMG-20190227-WA0019-225x300.jpg 225w, https:\/\/pcm-thueringen.de\/wp-content\/uploads\/2019\/05\/IMG-20190227-WA0019-600x800.jpg 600w, https:\/\/pcm-thueringen.de\/wp-content\/uploads\/2019\/05\/IMG-20190227-WA0019.jpg 1200w\" sizes=\"(max-width: 640px) 100vw, 640px\" \/>\n\t\t\t<\/dt><\/dl><br style=\"clear: both\" \/>\n\t\t<\/div>\n\t\t<\/div>\n\t\t\t\t\t\t<\/div>\n\t\t\t\t\t<\/div>\n\t\t\t\t<\/div>\n\t\t<div class=\"elementor-element elementor-element-cad88cc e-grid e-con-boxed e-con e-parent\" data-id=\"cad88cc\" data-element_type=\"container\" data-e-type=\"container\">\n\t\t\t\t\t<div class=\"e-con-inner\">\n\t\t\t\t<div class=\"elementor-element elementor-element-0202ac2 elementor-widget elementor-widget-image\" data-id=\"0202ac2\" data-element_type=\"widget\" data-e-type=\"widget\" data-widget_type=\"image.default\">\n\t\t\t\t\t\t\t\t\t\t\t\t\t\t\t<img loading=\"lazy\" decoding=\"async\" width=\"640\" height=\"853\" src=\"https:\/\/pcm-thueringen.de\/wp-content\/uploads\/2025\/12\/WhatsApp-Image-2025-09-18-at-15.48.57-768x1024.jpeg\" class=\"attachment-medium_large size-medium_large wp-image-325\" alt=\"\" srcset=\"https:\/\/pcm-thueringen.de\/wp-content\/uploads\/2025\/12\/WhatsApp-Image-2025-09-18-at-15.48.57-768x1024.jpeg 768w, https:\/\/pcm-thueringen.de\/wp-content\/uploads\/2025\/12\/WhatsApp-Image-2025-09-18-at-15.48.57-225x300.jpeg 225w, https:\/\/pcm-thueringen.de\/wp-content\/uploads\/2025\/12\/WhatsApp-Image-2025-09-18-at-15.48.57-1152x1536.jpeg 1152w, https:\/\/pcm-thueringen.de\/wp-content\/uploads\/2025\/12\/WhatsApp-Image-2025-09-18-at-15.48.57.jpeg 1530w\" sizes=\"(max-width: 640px) 100vw, 640px\" \/>\t\t\t\t\t\t\t\t\t\t\t\t\t\t\t<\/div>\n\t\t\t\t<div class=\"elementor-element elementor-element-e521602 elementor-widget elementor-widget-image\" data-id=\"e521602\" data-element_type=\"widget\" data-e-type=\"widget\" data-widget_type=\"image.default\">\n\t\t\t\t\t\t\t\t\t\t\t\t\t\t\t<img loading=\"lazy\" decoding=\"async\" width=\"640\" height=\"480\" src=\"https:\/\/pcm-thueringen.de\/wp-content\/uploads\/2025\/12\/WhatsApp-Image-2025-09-19-at-13.48.42-768x576.jpeg\" class=\"attachment-medium_large size-medium_large wp-image-324\" alt=\"\" srcset=\"https:\/\/pcm-thueringen.de\/wp-content\/uploads\/2025\/12\/WhatsApp-Image-2025-09-19-at-13.48.42-768x576.jpeg 768w, https:\/\/pcm-thueringen.de\/wp-content\/uploads\/2025\/12\/WhatsApp-Image-2025-09-19-at-13.48.42-300x225.jpeg 300w, https:\/\/pcm-thueringen.de\/wp-content\/uploads\/2025\/12\/WhatsApp-Image-2025-09-19-at-13.48.42-1024x768.jpeg 1024w, https:\/\/pcm-thueringen.de\/wp-content\/uploads\/2025\/12\/WhatsApp-Image-2025-09-19-at-13.48.42-1536x1152.jpeg 1536w, https:\/\/pcm-thueringen.de\/wp-content\/uploads\/2025\/12\/WhatsApp-Image-2025-09-19-at-13.48.42.jpeg 2040w\" sizes=\"(max-width: 640px) 100vw, 640px\" \/>\t\t\t\t\t\t\t\t\t\t\t\t\t\t\t<\/div>\n\t\t\t\t<div class=\"elementor-element elementor-element-eb4f5c5 elementor-widget elementor-widget-image\" data-id=\"eb4f5c5\" data-element_type=\"widget\" data-e-type=\"widget\" data-widget_type=\"image.default\">\n\t\t\t\t\t\t\t\t\t\t\t\t\t\t\t<img loading=\"lazy\" decoding=\"async\" width=\"225\" height=\"300\" src=\"https:\/\/pcm-thueringen.de\/wp-content\/uploads\/2025\/12\/WhatsApp-Image-2025-09-19-at-13.48.422-225x300.jpeg\" class=\"attachment-medium size-medium wp-image-326\" alt=\"\" srcset=\"https:\/\/pcm-thueringen.de\/wp-content\/uploads\/2025\/12\/WhatsApp-Image-2025-09-19-at-13.48.422-225x300.jpeg 225w, https:\/\/pcm-thueringen.de\/wp-content\/uploads\/2025\/12\/WhatsApp-Image-2025-09-19-at-13.48.422-768x1024.jpeg 768w, https:\/\/pcm-thueringen.de\/wp-content\/uploads\/2025\/12\/WhatsApp-Image-2025-09-19-at-13.48.422-1152x1536.jpeg 1152w, https:\/\/pcm-thueringen.de\/wp-content\/uploads\/2025\/12\/WhatsApp-Image-2025-09-19-at-13.48.422.jpeg 1200w\" sizes=\"(max-width: 225px) 100vw, 225px\" \/>\t\t\t\t\t\t\t\t\t\t\t\t\t\t\t<\/div>\n\t\t\t\t\t<\/div>\n\t\t\t\t<\/div>\n\t\t<div class=\"elementor-element elementor-element-1deb37b e-grid e-con-boxed e-con e-parent\" data-id=\"1deb37b\" data-element_type=\"container\" data-e-type=\"container\">\n\t\t\t\t\t<div class=\"e-con-inner\">\n\t\t\t\t\t<\/div>\n\t\t\t\t<\/div>\n\t\t\t\t<\/div>\n\t\t","protected":false},"excerpt":{"rendered":"<p>\u00a0 Egal ob Buche oder Tanne, Nadel-, Weich- oder Hartholz ich f\u00e4lle jeden Baum f\u00fcr Sie. Gerne stehe wir Ihnen auch beratend, bez\u00fcglich der notwendigen Genehmigungen, zur Seite. Wir arbeiten nach KWF Standard. Auch Astwerk-Ausschneidung, Heckenschnitte, Baumzuschnitte oder Wurzelentfernungen erledigen wir gerne f\u00fcr Sie.<\/p>\n","protected":false},"author":1,"featured_media":0,"parent":0,"menu_order":0,"comment_status":"closed","ping_status":"closed","template":"","meta":{"footnotes":""},"class_list":["post-42","page","type-page","status-publish","hentry"],"_links":{"self":[{"href":"https:\/\/pcm-thueringen.de\/index.php?rest_route=\/wp\/v2\/pages\/42","targetHints":{"allow":["GET"]}}],"collection":[{"href":"https:\/\/pcm-thueringen.de\/index.php?rest_route=\/wp\/v2\/pages"}],"about":[{"href":"https:\/\/pcm-thueringen.de\/index.php?rest_route=\/wp\/v2\/types\/page"}],"author":[{"embeddable":true,"href":"https:\/\/pcm-thueringen.de\/index.php?rest_route=\/wp\/v2\/users\/1"}],"replies":[{"embeddable":true,"href":"https:\/\/pcm-thueringen.de\/index.php?rest_route=%2Fwp%2Fv2%2Fcomments&post=42"}],"version-history":[{"count":30,"href":"https:\/\/pcm-thueringen.de\/index.php?rest_route=\/wp\/v2\/pages\/42\/revisions"}],"predecessor-version":[{"id":416,"href":"https:\/\/pcm-thueringen.de\/index.php?rest_route=\/wp\/v2\/pages\/42\/revisions\/416"}],"wp:attachment":[{"href":"https:\/\/pcm-thueringen.de\/index.php?rest_route=%2Fwp%2Fv2%2Fmedia&parent=42"}],"curies":[{"name":"wp","href":"https:\/\/api.w.org\/{rel}","templated":true}]}}