{"id":60,"date":"2019-05-12T17:05:56","date_gmt":"2019-05-12T17:05:56","guid":{"rendered":"http:\/\/pcm-thueringen.de\/?page_id=60"},"modified":"2025-11-27T06:35:38","modified_gmt":"2025-11-27T06:35:38","slug":"ueber-mich","status":"publish","type":"page","link":"https:\/\/pcm-thueringen.de\/?page_id=60","title":{"rendered":"\u00dcber mich"},"content":{"rendered":"\t\t<div data-elementor-type=\"wp-page\" data-elementor-id=\"60\" class=\"elementor elementor-60\">\n\t\t\t\t<div class=\"elementor-element elementor-element-7ce808e5 e-flex e-con-boxed e-con e-parent\" data-id=\"7ce808e5\" data-element_type=\"container\" data-e-type=\"container\">\n\t\t\t\t\t<div class=\"e-con-inner\">\n\t\t\t\t<div class=\"elementor-element elementor-element-6ecd2c75 elementor-widget elementor-widget-text-editor\" data-id=\"6ecd2c75\" data-element_type=\"widget\" data-e-type=\"widget\" data-widget_type=\"text-editor.default\">\n\t\t\t\t\t\t\t\t\t\n<p>Der Name hinter PCM &#8211; Philipp Reukauf.<\/p>\n\n<div class=\"wp-block-image\">\n<figure class=\"alignleft is-resized\"><img decoding=\"async\" class=\"wp-image-33\" src=\"http:\/\/pcm-thueringen.de\/wp-content\/uploads\/2019\/05\/PR.jpg\" alt=\"\" width=\"207\" height=\"212\" \/><\/figure>\n<\/div>\n\n<p>Ich bin gelernter Landwirt und Entsorgungstechnikfahrer.<\/p>\n\n<p>Ich betreue Kunden im sch\u00f6nen <br \/>S\u00fcdth\u00fcringer Raum. Mein Motto lautet<strong> &#8222;Was nicht passt wird passend gemacht&#8220;<\/strong>. Ich nehme mir jedes Problem an und gemeinsam finden wir eine L\u00f6sung!<\/p>\n\n<p>\u00a0<\/p>\n\t\t\t\t\t\t\t\t<\/div>\n\t\t\t\t\t<\/div>\n\t\t\t\t<\/div>\n\t\t\t\t<\/div>\n\t\t","protected":false},"excerpt":{"rendered":"<p>Der Name hinter PCM &#8211; Philipp Reukauf. Ich bin gelernter Landwirt und Entsorgungstechnikfahrer. Ich betreue Kunden im sch\u00f6nen S\u00fcdth\u00fcringer Raum. Mein Motto lautet &#8222;Was nicht passt wird passend gemacht&#8220;. Ich nehme mir jedes Problem an und gemeinsam finden wir eine L\u00f6sung! \u00a0<\/p>\n","protected":false},"author":1,"featured_media":0,"parent":0,"menu_order":0,"comment_status":"closed","ping_status":"closed","template":"","meta":{"footnotes":""},"class_list":["post-60","page","type-page","status-publish","hentry"],"_links":{"self":[{"href":"https:\/\/pcm-thueringen.de\/index.php?rest_route=\/wp\/v2\/pages\/60","targetHints":{"allow":["GET"]}}],"collection":[{"href":"https:\/\/pcm-thueringen.de\/index.php?rest_route=\/wp\/v2\/pages"}],"about":[{"href":"https:\/\/pcm-thueringen.de\/index.php?rest_route=\/wp\/v2\/types\/page"}],"author":[{"embeddable":true,"href":"https:\/\/pcm-thueringen.de\/index.php?rest_route=\/wp\/v2\/users\/1"}],"replies":[{"embeddable":true,"href":"https:\/\/pcm-thueringen.de\/index.php?rest_route=%2Fwp%2Fv2%2Fcomments&post=60"}],"version-history":[{"count":9,"href":"https:\/\/pcm-thueringen.de\/index.php?rest_route=\/wp\/v2\/pages\/60\/revisions"}],"predecessor-version":[{"id":241,"href":"https:\/\/pcm-thueringen.de\/index.php?rest_route=\/wp\/v2\/pages\/60\/revisions\/241"}],"wp:attachment":[{"href":"https:\/\/pcm-thueringen.de\/index.php?rest_route=%2Fwp%2Fv2%2Fmedia&parent=60"}],"curies":[{"name":"wp","href":"https:\/\/api.w.org\/{rel}","templated":true}]}}